{"id":2,"date":"2015-06-10T15:11:30","date_gmt":"2015-06-10T13:11:30","guid":{"rendered":"http:\/\/www.weingut-epp.at\/"},"modified":"2021-05-08T21:15:25","modified_gmt":"2021-05-08T19:15:25","slug":"beispiel-seite","status":"publish","type":"page","link":"https:\/\/www.weingut-epp.at\/","title":{"rendered":"Philosophie"},"content":{"rendered":"\n<div class=\"wp-block-group\"><div class=\"wp-block-group__inner-container is-layout-flow wp-block-group-is-layout-flow\">\n<blockquote class=\"wp-block-quote is-style-default is-layout-flow wp-block-quote-is-layout-flow\"><p>Qualit\u00e4t wird in unserem Weingut nie dem Zufall \u00fcberlassen &#8211; sie ist vielmehr ein Ergebnis aus unerm\u00fcdlicher Leidenschaft &#8211; ein Leben und Arbeiten in und mit der Natur. Die wichtigste Zutat dazu: viel Liebe zum Detail.<\/p><\/blockquote>\n\n\n\n<div class=\"wp-block-image\"><figure class=\"aligncenter size-large is-resized\"><img loading=\"lazy\" decoding=\"async\" src=\"https:\/\/www.weingut-epp.at\/wp-content\/uploads\/2021\/05\/Reinhard-Heidi-Weinberg3a-1.jpg\" alt=\"\" class=\"wp-image-1180\" width=\"519\" height=\"345\" srcset=\"https:\/\/www.weingut-epp.at\/wp-content\/uploads\/2021\/05\/Reinhard-Heidi-Weinberg3a-1.jpg 1000w, https:\/\/www.weingut-epp.at\/wp-content\/uploads\/2021\/05\/Reinhard-Heidi-Weinberg3a-1-300x200.jpg 300w, https:\/\/www.weingut-epp.at\/wp-content\/uploads\/2021\/05\/Reinhard-Heidi-Weinberg3a-1-150x100.jpg 150w, https:\/\/www.weingut-epp.at\/wp-content\/uploads\/2021\/05\/Reinhard-Heidi-Weinberg3a-1-768x511.jpg 768w, https:\/\/www.weingut-epp.at\/wp-content\/uploads\/2021\/05\/Reinhard-Heidi-Weinberg3a-1-619x412.jpg 619w, https:\/\/www.weingut-epp.at\/wp-content\/uploads\/2021\/05\/Reinhard-Heidi-Weinberg3a-1-400x266.jpg 400w\" sizes=\"(max-width: 519px) 100vw, 519px\" \/><figcaption><em><sub>Reinhard Epp &amp; Heide Netouschek<\/sub><\/em><\/figcaption><\/figure><\/div>\n\n\n\n<p>Mit dieser Philosophie produzieren wir unsere Weine schon seit 1787 &#8211; von Generation zu Generation.<\/p>\n\n\n\n<p>Das Erfolgsrezept unseres Weingutes ist das&nbsp;Wissen der \u00e4lteren Generationen und das Know-how von heute mit den Gegebenheiten der Natur zu vereinbaren.<\/p>\n\n\n\n<p>Letztere zeichnen sich durch ihre tiefgr\u00fcndigen, fruchtbaren L\u00f6ssb\u00f6den und einem besonderen Kleinklima aus, welches durch die March mit k\u00fchlen N\u00e4chten und sonnigen Tagen gepr\u00e4gt ist.<br><\/p>\n\n\n\n<p>Dies bildet den Grundstein f\u00fcr sortentypische und gehaltvolle Weine. Somit wird jeder unserer Weine zu einem Unikat und erz\u00e4hlt seine eigene Geschichte.<\/p>\n\n\n\n<p>Euer Reinhard Epp<\/p>\n<\/div><\/div>\n\n\n\n<div class=\"wp-block-image\"><figure class=\"aligncenter size-large is-resized\"><img loading=\"lazy\" decoding=\"async\" src=\"http:\/\/www.weingut-epp.at\/wp-content\/uploads\/2015\/06\/993076_671874866159549_1906615340_n.jpg\" alt=\"\" class=\"wp-image-6\" width=\"357\" height=\"535\" srcset=\"https:\/\/www.weingut-epp.at\/wp-content\/uploads\/2015\/06\/993076_671874866159549_1906615340_n.jpg 640w, https:\/\/www.weingut-epp.at\/wp-content\/uploads\/2015\/06\/993076_671874866159549_1906615340_n-200x300.jpg 200w, https:\/\/www.weingut-epp.at\/wp-content\/uploads\/2015\/06\/993076_671874866159549_1906615340_n-100x150.jpg 100w, https:\/\/www.weingut-epp.at\/wp-content\/uploads\/2015\/06\/993076_671874866159549_1906615340_n-427x640.jpg 427w, https:\/\/www.weingut-epp.at\/wp-content\/uploads\/2015\/06\/993076_671874866159549_1906615340_n-400x600.jpg 400w\" sizes=\"(max-width: 357px) 100vw, 357px\" \/><\/figure><\/div>\n","protected":false},"excerpt":{"rendered":"<p>Qualit\u00e4t wird in unserem Weingut nie dem Zufall \u00fcberlassen &#8211; sie ist vielmehr ein Ergebnis aus unerm\u00fcdlicher Leidenschaft &#8211; ein Leben und Arbeiten in und mit der Natur. Die wichtigste Zutat dazu: viel Liebe zum &hellip;<\/p>\n","protected":false},"author":1,"featured_media":35,"parent":0,"menu_order":0,"comment_status":"closed","ping_status":"closed","template":"","meta":{"_exactmetrics_skip_tracking":false,"_exactmetrics_sitenote_active":false,"_exactmetrics_sitenote_note":"","_exactmetrics_sitenote_category":0,"footnotes":""},"jetpack_sharing_enabled":true,"_links":{"self":[{"href":"https:\/\/www.weingut-epp.at\/index.php?rest_route=\/wp\/v2\/pages\/2"}],"collection":[{"href":"https:\/\/www.weingut-epp.at\/index.php?rest_route=\/wp\/v2\/pages"}],"about":[{"href":"https:\/\/www.weingut-epp.at\/index.php?rest_route=\/wp\/v2\/types\/page"}],"author":[{"embeddable":true,"href":"https:\/\/www.weingut-epp.at\/index.php?rest_route=\/wp\/v2\/users\/1"}],"replies":[{"embeddable":true,"href":"https:\/\/www.weingut-epp.at\/index.php?rest_route=%2Fwp%2Fv2%2Fcomments&post=2"}],"version-history":[{"count":28,"href":"https:\/\/www.weingut-epp.at\/index.php?rest_route=\/wp\/v2\/pages\/2\/revisions"}],"predecessor-version":[{"id":1192,"href":"https:\/\/www.weingut-epp.at\/index.php?rest_route=\/wp\/v2\/pages\/2\/revisions\/1192"}],"wp:featuredmedia":[{"embeddable":true,"href":"https:\/\/www.weingut-epp.at\/index.php?rest_route=\/wp\/v2\/media\/35"}],"wp:attachment":[{"href":"https:\/\/www.weingut-epp.at\/index.php?rest_route=%2Fwp%2Fv2%2Fmedia&parent=2"}],"curies":[{"name":"wp","href":"https:\/\/api.w.org\/{rel}","templated":true}]}}