{"id":53,"date":"2015-06-12T10:59:32","date_gmt":"2015-06-12T08:59:32","guid":{"rendered":"http:\/\/www.weingut-epp.at\/test\/?page_id=53"},"modified":"2020-09-02T11:50:36","modified_gmt":"2020-09-02T09:50:36","slug":"impressum","status":"publish","type":"page","link":"https:\/\/www.weingut-epp.at\/?page_id=53","title":{"rendered":"Impressum"},"content":{"rendered":"<p><strong>Weingut EPP<\/strong><\/p>\n<p>Hauptstra\u00dfe 18 2263 Waidendorf<\/p>\n<p>Tel. und Fax: +43 (2538) 85487 Mobil: 0664\/4678748<\/p>\n<p>Web: www.weingut-epp.at E-mail: <a href=\"mailto:office@weingut-epp.at\">office@weingut-epp.at<\/a><\/p>\n<p>Betriebsf\u00fchrer: Reinhard Epp<\/p>\n<p><strong>Rechtliche Hinweise:<\/strong> Bei der Benutzung dieser Website werden Sie gegebenenfalls darum gebeten, pers\u00f6nliche Informationen und Daten anzugeben. Die Beantwortung dieser Fragen ist freiwillig und es entstehen hieraus f\u00fcr Sie keine Verpflichtungen. S\u00e4mtliche angegebenen Daten werden ausschlie\u00dflich zu Ihrer individuellen Betreuung verwendet.<\/p>\n<p><strong>\u00a0<\/strong><\/p>\n<p><strong>Links:<\/strong> Unser Angebot enth\u00e4lt Links zu externen Webseiten Dritter, auf deren Inhalte wir keinen Einfluss haben. Deshalb k\u00f6nnen wir f\u00fcr diese fremden Inhalte auch keine Gew\u00e4hr \u00fcbernehmen. F\u00fcr die Inhalte der verlinkten Seiten ist stets der jeweilige Anbieter oder Betreiber der Seiten verantwortlich. Die verlinkten Seiten wurden zum Zeitpunkt der Verlinkung auf m\u00f6gliche Rechtsverst\u00f6\u00dfe \u00fcberpr\u00fcft. Rechtswidrige Inhalte waren zum Zeitpunkt der Verlinkung nicht erkennbar. Eine permanente inhaltliche Kontrolle der verlinkten Seiten ist jedoch ohne konkrete Anhaltspunkte einer Rechtsverletzung nicht zumutbar. Bei bekannt werden von Rechtsverletzungen werden wir derartige Links umgehend entfernen.<\/p>\n<p><strong>\u00a0<\/strong><\/p>\n<p><strong>Inhalte:<\/strong> Diese Website wurde mit gr\u00f6\u00dftm\u00f6glicher Sorgfalt zusammengestellt. Trotzdem k\u00f6nnen wir f\u00fcr die Fehlerfreiheit und Genauigkeit der enthaltenen Informationen nicht garantieren. Wir schlie\u00dfen jegliche Haftung f\u00fcr Sch\u00e4den aus, die direkt oder indirekt aus der Benutzung dieser Website entstehen.<\/p>\n","protected":false},"excerpt":{"rendered":"<p>Weingut EPP Hauptstra\u00dfe 18 2263 Waidendorf Tel. und Fax: +43 (2538) 85487 Mobil: 0664\/4678748 Web: www.weingut-epp.at E-mail: office@weingut-epp.at Betriebsf\u00fchrer: Reinhard Epp Rechtliche Hinweise: Bei der Benutzung dieser Website werden Sie gegebenenfalls darum gebeten, pers\u00f6nliche Informationen &hellip;<\/p>\n","protected":false},"author":1,"featured_media":0,"parent":0,"menu_order":0,"comment_status":"closed","ping_status":"closed","template":"","meta":{"_exactmetrics_skip_tracking":false,"_exactmetrics_sitenote_active":false,"_exactmetrics_sitenote_note":"","_exactmetrics_sitenote_category":0,"footnotes":""},"jetpack_sharing_enabled":true,"_links":{"self":[{"href":"https:\/\/www.weingut-epp.at\/index.php?rest_route=\/wp\/v2\/pages\/53"}],"collection":[{"href":"https:\/\/www.weingut-epp.at\/index.php?rest_route=\/wp\/v2\/pages"}],"about":[{"href":"https:\/\/www.weingut-epp.at\/index.php?rest_route=\/wp\/v2\/types\/page"}],"author":[{"embeddable":true,"href":"https:\/\/www.weingut-epp.at\/index.php?rest_route=\/wp\/v2\/users\/1"}],"replies":[{"embeddable":true,"href":"https:\/\/www.weingut-epp.at\/index.php?rest_route=%2Fwp%2Fv2%2Fcomments&post=53"}],"version-history":[{"count":3,"href":"https:\/\/www.weingut-epp.at\/index.php?rest_route=\/wp\/v2\/pages\/53\/revisions"}],"predecessor-version":[{"id":903,"href":"https:\/\/www.weingut-epp.at\/index.php?rest_route=\/wp\/v2\/pages\/53\/revisions\/903"}],"wp:attachment":[{"href":"https:\/\/www.weingut-epp.at\/index.php?rest_route=%2Fwp%2Fv2%2Fmedia&parent=53"}],"curies":[{"name":"wp","href":"https:\/\/api.w.org\/{rel}","templated":true}]}}