{"id":65,"date":"2015-06-12T13:02:23","date_gmt":"2015-06-12T11:02:23","guid":{"rendered":"http:\/\/www.weingut-epp.at\/test\/?page_id=65"},"modified":"2020-08-17T15:47:50","modified_gmt":"2020-08-17T13:47:50","slug":"agb","status":"publish","type":"page","link":"https:\/\/www.weingut-epp.at\/?page_id=65","title":{"rendered":"AGB"},"content":{"rendered":"<p><strong>Weingut EPP<\/strong><\/p>\n<p>&nbsp;<\/p>\n<p><strong>Allgemeines:<\/strong><\/p>\n<p>Nachstehende Allgemeine Gesch\u00e4ftsbedingungen gelten f\u00fcr alle Lieferungen und sonstige Leistungen. Abweichende Vorschriften des Vertragspartners widersprechen wir hiermit ausdr\u00fccklich. Alle Nebenabreden bed\u00fcrfen der schriftlichen Best\u00e4tigung unsererseits. Wir sind jederzeit berechtigt, diese Allgemeinen Gesch\u00e4ftsbedingungen einschlie\u00dflich aller eventuellen Anlagen mit einer angemessenen K\u00fcndigungsfrist zu \u00e4ndern oder zu erg\u00e4nzen.<\/p>\n<p>&nbsp;<\/p>\n<p><strong>Auftr\u00e4ge und Lieferbedingungen:<\/strong><\/p>\n<p>Ihre Bestellung stellt ein Angebot an uns zum Abschluss eines Kaufvertrages dar. Sobald Sie im Kontaktformular oder per E-Mail eine Bestellung aufgeben, schicken wir Ihnen eine E-Mail, die den Eingang Ihrer Bestellung bei uns best\u00e4tigt und f\u00fcr uns einen Kaufvertrag darstellt. Im Anschluss daran werden Ihnen die bestellten Produkte per DPD, Spedition oder pers\u00f6nlich geliefert. Die Lieferung ist nicht im Ab-Hof-Preis inkludiert. Die Lieferung erfolgt ab Produktionsort \u2013 Waidendorf auf Ihre Rechnung und Gefahr. Im Falle von Bruch oder Fehlmenge bitte um sofortige Kontaktaufnahme mit uns.<\/p>\n<p>&nbsp;<\/p>\n<p><strong>Zahlungshinweise:<\/strong><\/p>\n<p>Bei Erstbestellung und uns noch nicht bekannten Kunden erfolgt die Lieferung erst nach der Einzahlung des Rechnungsbetrages auf unser Bankkonto. Ansonsten wird mittels Rechnung und Zahlschein verrechnet. Falls nicht anders vereinbart sind unsere Rechnungen prompt nach Erhalt der Ware abzugsfrei zur Zahlung f\u00e4llig. Eine Aufrechnung von vermeintlichen Gegenforderungen durch den Kunden ist ausgeschlossen. Schadensersatzanspr\u00fcche des Kunden wegen Nichterf\u00fcllung oder nur teilweiser Erf\u00fcllung des Vertrages sind ausgeschlossen.<\/p>\n<p>&nbsp;<\/p>\n<p><strong>Reklamation:<\/strong><\/p>\n<p>Als qualitativ hochwertiger Produzent garantieren wir eine ausgezeichnete Qualit\u00e4t aller von uns angebotenen Weinen. Beanstandungen wegen offensichtlicher M\u00e4ngel m\u00fcssen innerhalb einer Woche nach Erhalt der Ware erfolgen. F\u00fcr unsachgem\u00e4\u00dfe Lagerung \u00fcbernehmen wir keine Haftung. Nat\u00fcrliche Ausscheidungen des Weines wie Kristalle, Weinstein oder das Depot sind keine M\u00e4ngel.<\/p>\n<p>&nbsp;<\/p>\n<p><strong>Zahlungsverzug:<\/strong><\/p>\n<p>Bei Zahlungsverzug stellen wir Bankm\u00e4\u00dfige Verzugszinsen sowie etwaige Inkassospesen oder Rechtsanwaltskosten ab F\u00e4lligkeitsdatum in Rechnung.<\/p>\n<p>&nbsp;<\/p>\n<p><strong>Entsorgung:<\/strong><\/p>\n<p>Leere Gebinde und Kartons sollten fachgerecht entsorgt werden. Sie k\u00f6nnen aber auch die leer Gebinde und Kartons an uns zur\u00fcck geben. S\u00e4mtliche an Sie gelieferte Verpackungen sind von uns zur G\u00e4nze ARA entpflichtet.<\/p>\n<p>&nbsp;<\/p>\n<p><strong>Eigentumsvorbehalt:<\/strong><\/p>\n<p>Die Ware bleibt bis zur vollst\u00e4ndigen Bezahlung im uneingeschr\u00e4nkten Eigentum vom<\/p>\n<p>Weingut Epp.<\/p>\n<p>Eine Abtretung oder Verpf\u00e4ndung ist ausgeschlossen.<\/p>\n<p>&nbsp;<\/p>\n<p><strong>Unsere Daten:<\/strong><\/p>\n<p>Weingut Epp Hauptstra\u00dfe 18<\/p>\n<p>A-2263 Waidendorf Tel u. Fax: +43 (0) 2538\/85487 E-mail: office@weingut-epp.at Web: www.weingut-epp.at<\/p>\n<p>&nbsp;<\/p>\n<p>Gerichtstand Korneuburg<\/p>\n<p>UID: ATU69285007<\/p>\n","protected":false},"excerpt":{"rendered":"<p>Weingut EPP &nbsp; Allgemeines: Nachstehende Allgemeine Gesch\u00e4ftsbedingungen gelten f\u00fcr alle Lieferungen und sonstige Leistungen. Abweichende Vorschriften des Vertragspartners widersprechen wir hiermit ausdr\u00fccklich. Alle Nebenabreden bed\u00fcrfen der schriftlichen Best\u00e4tigung unsererseits. Wir sind jederzeit berechtigt, diese Allgemeinen &hellip;<\/p>\n","protected":false},"author":1,"featured_media":0,"parent":0,"menu_order":0,"comment_status":"closed","ping_status":"closed","template":"","meta":{"_exactmetrics_skip_tracking":false,"_exactmetrics_sitenote_active":false,"_exactmetrics_sitenote_note":"","_exactmetrics_sitenote_category":0,"footnotes":""},"jetpack_sharing_enabled":true,"_links":{"self":[{"href":"https:\/\/www.weingut-epp.at\/index.php?rest_route=\/wp\/v2\/pages\/65"}],"collection":[{"href":"https:\/\/www.weingut-epp.at\/index.php?rest_route=\/wp\/v2\/pages"}],"about":[{"href":"https:\/\/www.weingut-epp.at\/index.php?rest_route=\/wp\/v2\/types\/page"}],"author":[{"embeddable":true,"href":"https:\/\/www.weingut-epp.at\/index.php?rest_route=\/wp\/v2\/users\/1"}],"replies":[{"embeddable":true,"href":"https:\/\/www.weingut-epp.at\/index.php?rest_route=%2Fwp%2Fv2%2Fcomments&post=65"}],"version-history":[{"count":3,"href":"https:\/\/www.weingut-epp.at\/index.php?rest_route=\/wp\/v2\/pages\/65\/revisions"}],"predecessor-version":[{"id":195,"href":"https:\/\/www.weingut-epp.at\/index.php?rest_route=\/wp\/v2\/pages\/65\/revisions\/195"}],"wp:attachment":[{"href":"https:\/\/www.weingut-epp.at\/index.php?rest_route=%2Fwp%2Fv2%2Fmedia&parent=65"}],"curies":[{"name":"wp","href":"https:\/\/api.w.org\/{rel}","templated":true}]}}