{"id":651,"date":"2020-07-27T07:49:22","date_gmt":"2020-07-27T05:49:22","guid":{"rendered":"http:\/\/www.weingut-epp.at\/?page_id=651"},"modified":"2025-06-11T16:44:54","modified_gmt":"2025-06-11T14:44:54","slug":"weinauszeichnungen","status":"publish","type":"page","link":"https:\/\/www.weingut-epp.at\/?page_id=651","title":{"rendered":"Weinauszeichnungen"},"content":{"rendered":"\n<p class=\"has-larger-font-size\"><strong>2025<\/strong><\/p>\n\n\n\n<p class=\"has-large-font-size\">Wir haben gewonnen:<\/p>\n\n\n\n<p class=\"has-larger-font-size\"><strong>Gold N\u00d6:<\/strong><\/p>\n\n\n\n<p class=\"has-large-font-size\">Weinviertel DAC 2024, Weinviertel DAC 2024 Riede Waidendorfer Kruttberge, Welschriesling 2024, Wei\u00dfburgunder 2024, Gelber Muskateller 2024, Merlot-Ros\u00e9 2024, St. Laurent 2023<\/p>\n\n\n\n<p class=\"has-larger-font-size\"><strong>Poysdorfer Weinparade<\/strong> <strong>Gro\u00dfes Gold:<\/strong><\/p>\n\n\n\n<p class=\"has-large-font-size\">Muskateller Frizzante 2024 <\/p>\n\n\n\n<p class=\"has-large-font-size\">Merlot-Ros\u00e9 2024 <\/p>\n\n\n\n<p class=\"has-larger-font-size\"><strong>Poysdorfer Weinparade Gold: <\/strong><\/p>\n\n\n\n<p class=\"has-large-font-size\">Welschriesling 2024, Wei\u00dfburgunder 2024, S\u00e4mling 88 Ernte 2024, Chardonnay 2024, <\/p>\n\n\n\n<p class=\"has-larger-font-size\"><strong>2024<\/strong><\/p>\n\n\n\n<p class=\"has-large-font-size\">Wir freuen uns sehr \u00fcber die heurigen Auszeichnungen:<\/p>\n\n\n\n<p class=\"has-larger-font-size\"><strong>Gold N\u00d6:<\/strong><\/p>\n\n\n\n<p class=\"has-large-font-size\">Alle Wei\u00dfweinsorten<\/p>\n\n\n\n<p class=\"has-larger-font-size\"><strong>Poysdorfer Weinparade:<\/strong><\/p>\n\n\n\n<p class=\"has-large-font-size\">Ros\u00e9-Merlot 2023 BACCHUSPOKAL<\/p>\n\n\n\n<p class=\"has-large-font-size\">Weinviertel DAC 2023 Gro\u00dfes Gold Poysdorf<\/p>\n\n\n\n<h2 class=\"wp-block-heading has-larger-font-size\">2023<\/h2>\n\n\n\n<p><\/p>\n\n\n\n<p class=\"has-large-font-size\">\u00dcberaus zufrieden d\u00fcrfen wir auch in diesem Jahr mit den Pr\u00e4mierungen unserer Weine sein:<\/p>\n\n\n\n<p class=\"has-large-font-size\">Besonders stolz sind wir \u00fcber die Nominierung zum SALON Winzer 2023. Dabei wurde unser Weinviertel DAC Riede Kruttberge zum SALON gek\u00fcrt und reiht sich in die Riege der besten Weine \u00d6sterreichs!<\/p>\n\n\n\n<p class=\"has-large-font-size\">Bei der Nieder\u00f6sterreichischen Landesweinmesse stiegen unsere Weine mit 2 Finalisten und 4 Gold-Auszeichnungen hervorragend aus! <\/p>\n\n\n\n<p class=\"has-large-font-size\">Au\u00dferdem freuen wir uns \u00fcber zahlreiche Pr\u00e4mierungen bei der Weinparade Poysdorf, indem wir 1x die h\u00f6chste Auszeichnung mit dem Bacchuspokal und 6 x Gold erhalten haben. Des weiteren wurde unser Weingut zum Championbetrieb 2023 ernannt! <\/p>\n\n\n\n<h2 class=\"wp-block-heading\">SALON \u00d6STERREICH &#8211; SALON WINZER 2023<\/h2>\n\n\n\n<p class=\"has-large-font-size\" style=\"font-style:italic;font-weight:400\">Weinviertel DAC 2022 Riede Kruttberge<\/p>\n\n\n\n<h2 class=\"wp-block-heading\">N\u00d6 Finalisten:<\/h2>\n\n\n\n<p class=\"has-large-font-size\">Welschriesling 2022, Wei\u00dfburgunder 2022<\/p>\n\n\n\n<h2 class=\"wp-block-heading\">Gold N\u00d6: <\/h2>\n\n\n\n<p class=\"has-large-font-size\">Weinviertel DAC 2022, Chardonnay 2022, Gelber Muskateller 2022, S\u00e4mling 2022<\/p>\n\n\n\n<h2 class=\"wp-block-heading\">Bacchuspokal Poysdorfer Weinparade: <\/h2>\n\n\n\n<p class=\"has-large-font-size\">Welschriesling 2022<\/p>\n\n\n\n<h2 class=\"wp-block-heading\">Gold Poysdorfer Weinparade:<\/h2>\n\n\n\n<p class=\"has-large-font-size\">Weinviertel DAC 2022, Weinviertel DAC 2022 Riede Kruttberge, Chardonnay 2022, Wei\u00dfburgunder 2022, Gelber Muskateller 2022, S\u00e4mling 88 Ernte 2022<\/p>\n\n\n\n<h2 class=\"wp-block-heading\">Champion-Betrieb 2023 (Poysdorfer Weinparade)<\/h2>\n\n\n\n<h2 class=\"wp-block-heading\">2022<\/h2>\n\n\n\n<p class=\"has-large-font-size\">Heuer waren wir wieder sehr erfolgreich bei der Nieder\u00f6sterreichischen Landesweinmesse. Au\u00dferdem wurden wir in den SALON \u00d6sterreich aufgenommen.<\/p>\n\n\n\n<p class=\"has-large-font-size\"><strong>SALON \u00d6sterreich und<\/strong> <strong>N\u00d6 Finalist:<\/strong> <\/p>\n\n\n\n<figure class=\"wp-block-image size-full\"><img loading=\"lazy\" decoding=\"async\" width=\"300\" height=\"110\" src=\"https:\/\/www.weingut-epp.at\/wp-content\/uploads\/2022\/10\/Salon-22-Logo-klein.jpeg\" alt=\"\" class=\"wp-image-1409\" srcset=\"https:\/\/www.weingut-epp.at\/wp-content\/uploads\/2022\/10\/Salon-22-Logo-klein.jpeg 300w, https:\/\/www.weingut-epp.at\/wp-content\/uploads\/2022\/10\/Salon-22-Logo-klein-150x55.jpeg 150w\" sizes=\"(max-width: 300px) 100vw, 300px\" \/><\/figure>\n\n\n\n<figure class=\"wp-block-image size-full is-resized\"><img loading=\"lazy\" decoding=\"async\" width=\"150\" height=\"150\" src=\"https:\/\/www.weingut-epp.at\/wp-content\/uploads\/2022\/06\/NOE_Siegel_Finalist22-002-KLEIN.jpg\" alt=\"\" class=\"wp-image-1369\" style=\"width:151px;height:151px\" srcset=\"https:\/\/www.weingut-epp.at\/wp-content\/uploads\/2022\/06\/NOE_Siegel_Finalist22-002-KLEIN.jpg 150w, https:\/\/www.weingut-epp.at\/wp-content\/uploads\/2022\/06\/NOE_Siegel_Finalist22-002-KLEIN-100x100.jpg 100w\" sizes=\"(max-width: 150px) 100vw, 150px\" \/><\/figure>\n\n\n\n<p class=\"has-large-font-size\">Weinviertel DAC 2021<\/p>\n\n\n\n<p class=\"has-large-font-size\"><strong>Gold N\u00d6<\/strong>: <\/p>\n\n\n\n<figure class=\"wp-block-image size-full\"><img loading=\"lazy\" decoding=\"async\" width=\"150\" height=\"150\" src=\"https:\/\/www.weingut-epp.at\/wp-content\/uploads\/2022\/06\/Gold-Siegel-2022-KLEIN.jpg\" alt=\"\" class=\"wp-image-1370\" srcset=\"https:\/\/www.weingut-epp.at\/wp-content\/uploads\/2022\/06\/Gold-Siegel-2022-KLEIN.jpg 150w, https:\/\/www.weingut-epp.at\/wp-content\/uploads\/2022\/06\/Gold-Siegel-2022-KLEIN-100x100.jpg 100w\" sizes=\"(max-width: 150px) 100vw, 150px\" \/><\/figure>\n\n\n\n<p class=\"has-large-font-size\">Welschriesling 2021, Weinviertel DAC Kruttberge 2021, Wei\u00dfburgunder 2021, Gelber Muskateller 2021, Chardonnay 2021<\/p>\n\n\n\n<p class=\"has-large-font-size\"><strong>Pokalwinzer &amp; Championbetrieb<\/strong><\/p>\n\n\n\n<p class=\"has-large-font-size\">Bei der diesj\u00e4hrigen regionalen Weinmesse, der <strong>Weinparade<\/strong> Poysdorf haben wir h\u00f6chste Auszeichnungen erhalten: Unser Weinbaubetrieb wurde zu einem der besten gek\u00fcrt und darf sich nun Championbetrieb nennen. Au\u00dferdem gab es 2x Bacchuspokale und 4x Gold!<\/p>\n\n\n\n<p class=\"has-large-font-size\"><strong>Bacchuspokal:<\/strong> Welschriesling 2021, Weinviertel DAC 2021<\/p>\n\n\n\n<p class=\"has-large-font-size\"><strong>Gold:<\/strong> Weinviertel DAC Kruttberge 2021, Chardonnay 2021, Gelber Muskateller 2021, R\u00f6sler 2021<\/p>\n\n\n\n<p><\/p>\n\n\n\n<h2 class=\"wp-block-heading\">2021<\/h2>\n\n\n\n<p class=\"has-large-font-size\">Wir sind Pokal-Winzer! Unser Chardonnay wurde bei der heurigen <strong>Weinparade<\/strong> in Poysdorf mit dem Bacchuspokal, der h\u00f6chsten Auszeichnung, pr\u00e4miert. Au\u00dferdem wurden einige Weine mit Gold ausgezeichnet. Wir freuen uns sehr dar\u00fcber!<\/p>\n\n\n\n<p class=\"has-large-font-size\"><strong>Bacchuspokal:<\/strong> Chardonnay 2020<\/p>\n\n\n\n<p class=\"has-large-font-size\"><strong>Gold:<\/strong> Weinviertel DAC 2020, Weinviertel DAC Kruttberge 2020, Gelber Muskateller 2020, Welschriesling 2020<\/p>\n\n\n\n<p class=\"has-large-font-size\">Bei der N\u00d6 Landesweinmesse, der <strong>N\u00d6 Weinpr\u00e4mierung<\/strong> waren wir ebenfalls wieder sehr erfolgreich und freuen uns \u00fcber <strong>Gold<\/strong> bei folgenden Weinen:<\/p>\n\n\n\n<figure class=\"wp-block-image size-large is-resized\"><img loading=\"lazy\" decoding=\"async\" width=\"378\" height=\"378\" src=\"https:\/\/www.weingut-epp.at\/wp-content\/uploads\/2021\/07\/NOE-Medaillen-Gold-21.jpg\" alt=\"\" class=\"wp-image-1245\" style=\"width:148px;height:148px\" srcset=\"https:\/\/www.weingut-epp.at\/wp-content\/uploads\/2021\/07\/NOE-Medaillen-Gold-21.jpg 378w, https:\/\/www.weingut-epp.at\/wp-content\/uploads\/2021\/07\/NOE-Medaillen-Gold-21-300x300.jpg 300w, https:\/\/www.weingut-epp.at\/wp-content\/uploads\/2021\/07\/NOE-Medaillen-Gold-21-150x150.jpg 150w, https:\/\/www.weingut-epp.at\/wp-content\/uploads\/2021\/07\/NOE-Medaillen-Gold-21-100x100.jpg 100w\" sizes=\"(max-width: 378px) 100vw, 378px\" \/><\/figure>\n\n\n\n<p class=\"has-large-font-size\"><strong>Gold N\u00d6:<\/strong> Chardonnay 2020, Weinviertel DAC 2020, Weinviertel DAC Kruttberge 2020, Welschriesling 2020, Wei\u00dfburgunder 2020<\/p>\n\n\n\n<h2 class=\"wp-block-heading\">2020<\/h2>\n\n\n\n<p class=\"has-accent-1-color has-text-color has-large-font-size\">Wir sind sehr stolz und dankbar \u00fcber die heurigen Erfolge bei der gr\u00f6\u00dften Weinbewertung des Landes&nbsp;der <strong>&#8222;N\u00d6 Weinpr\u00e4mierung&#8220;<\/strong>, sowie \u00fcber die Aufnahme zum <strong>SALON<\/strong> \u00d6sterreich Wein.<\/p>\n\n\n\n<p class=\"has-accent-1-color has-text-color has-regular-font-size\">\u00dcber die N\u00d6 Weinpr\u00e4mierung ist u. a. in der Zeitschrift &#8222;vinaria&#8220;&nbsp;nachzulesen:<\/p>\n\n\n\n<p><a href=\"https:\/\/www.vinaria.at\/magazin\/artikeldetailseite\/niederoesterreichischer-landessieger-2020-weingut-epp-waidendorf\">https:\/\/www.vinaria.at\/magazin\/artikeldetailseite\/niederoesterreichischer-landessieger-2020-weingut-epp-waidendorf<\/a><\/p>\n\n\n\n<p class=\"has-text-align-left has-large-font-size\"> <img loading=\"lazy\" decoding=\"async\" width=\"150\" height=\"150\" class=\"wp-image-659\" style=\"width: 150px;\" alt=\"\" src=\"http:\/\/www.weingut-epp.at\/wp-content\/uploads\/2020\/07\/Siegel-Landessieger.jpg\" srcset=\"https:\/\/www.weingut-epp.at\/wp-content\/uploads\/2020\/07\/Siegel-Landessieger.jpg 200w, https:\/\/www.weingut-epp.at\/wp-content\/uploads\/2020\/07\/Siegel-Landessieger-150x150.jpg 150w, https:\/\/www.weingut-epp.at\/wp-content\/uploads\/2020\/07\/Siegel-Landessieger-100x100.jpg 100w\" sizes=\"(max-width: 150px) 100vw, 150px\" \/> <img loading=\"lazy\" decoding=\"async\" width=\"150\" height=\"55\" class=\"wp-image-940\" style=\"width: 150px;\" alt=\"\" src=\"https:\/\/www.weingut-epp.at\/wp-content\/uploads\/2020\/09\/EINGESCHRAENKTE-NUTZUNG_OeWM_OeWM_salon_logo_2020_jpg-e1600066123246.jpg\" srcset=\"https:\/\/www.weingut-epp.at\/wp-content\/uploads\/2020\/09\/EINGESCHRAENKTE-NUTZUNG_OeWM_OeWM_salon_logo_2020_jpg-e1600066123246.jpg 172w, https:\/\/www.weingut-epp.at\/wp-content\/uploads\/2020\/09\/EINGESCHRAENKTE-NUTZUNG_OeWM_OeWM_salon_logo_2020_jpg-e1600066123246-150x55.jpg 150w\" sizes=\"(max-width: 150px) 100vw, 150px\" \/>        <\/p>\n\n\n\n<p class=\"has-text-align-left has-large-font-size\"> <strong>Landessieger N\u00d6\/SALON \u00d6sterreich: <\/strong>Welschriesling 2019<\/p>\n\n\n\n<p class=\"has-large-font-size\"><img loading=\"lazy\" decoding=\"async\" width=\"150\" height=\"150\" class=\"wp-image-684\" style=\"width: 150px;\" alt=\"\" src=\"http:\/\/www.weingut-epp.at\/wp-content\/uploads\/2020\/07\/Siegel-Finalist-2020.jpg\" srcset=\"https:\/\/www.weingut-epp.at\/wp-content\/uploads\/2020\/07\/Siegel-Finalist-2020.jpg 473w, https:\/\/www.weingut-epp.at\/wp-content\/uploads\/2020\/07\/Siegel-Finalist-2020-300x300.jpg 300w, https:\/\/www.weingut-epp.at\/wp-content\/uploads\/2020\/07\/Siegel-Finalist-2020-150x150.jpg 150w, https:\/\/www.weingut-epp.at\/wp-content\/uploads\/2020\/07\/Siegel-Finalist-2020-400x400.jpg 400w, https:\/\/www.weingut-epp.at\/wp-content\/uploads\/2020\/07\/Siegel-Finalist-2020-100x100.jpg 100w\" sizes=\"(max-width: 150px) 100vw, 150px\" \/>           <\/p>\n\n\n\n<p class=\"has-large-font-size\"><strong>Finalist N\u00d6:<\/strong> Weinviertel DAC 2019<\/p>\n\n\n\n<p class=\"has-large-font-size\"><img loading=\"lazy\" decoding=\"async\" width=\"150\" height=\"150\" class=\"wp-image-685\" style=\"width: 150px;\" alt=\"\" src=\"http:\/\/www.weingut-epp.at\/wp-content\/uploads\/2020\/07\/Siegel-Gold-2020.jpg\" srcset=\"https:\/\/www.weingut-epp.at\/wp-content\/uploads\/2020\/07\/Siegel-Gold-2020.jpg 473w, https:\/\/www.weingut-epp.at\/wp-content\/uploads\/2020\/07\/Siegel-Gold-2020-300x300.jpg 300w, https:\/\/www.weingut-epp.at\/wp-content\/uploads\/2020\/07\/Siegel-Gold-2020-150x150.jpg 150w, https:\/\/www.weingut-epp.at\/wp-content\/uploads\/2020\/07\/Siegel-Gold-2020-400x401.jpg 400w, https:\/\/www.weingut-epp.at\/wp-content\/uploads\/2020\/07\/Siegel-Gold-2020-100x100.jpg 100w\" sizes=\"(max-width: 150px) 100vw, 150px\" \/>   <img loading=\"lazy\" decoding=\"async\" width=\"150\" height=\"55\" class=\"wp-image-940\" style=\"width: 150px;\" alt=\"\" src=\"https:\/\/www.weingut-epp.at\/wp-content\/uploads\/2020\/09\/EINGESCHRAENKTE-NUTZUNG_OeWM_OeWM_salon_logo_2020_jpg-e1600066123246.jpg\" srcset=\"https:\/\/www.weingut-epp.at\/wp-content\/uploads\/2020\/09\/EINGESCHRAENKTE-NUTZUNG_OeWM_OeWM_salon_logo_2020_jpg-e1600066123246.jpg 172w, https:\/\/www.weingut-epp.at\/wp-content\/uploads\/2020\/09\/EINGESCHRAENKTE-NUTZUNG_OeWM_OeWM_salon_logo_2020_jpg-e1600066123246-150x55.jpg 150w\" sizes=\"(max-width: 150px) 100vw, 150px\" \/>         <\/p>\n\n\n\n<p class=\"has-large-font-size\"><strong>Gold N\u00d6:<\/strong> Chardonnay 2019, DAC Kruttberge 2019, Wei\u00dfburgunder 2019<\/p>\n\n\n\n<p class=\"has-large-font-size\"><strong>SALON \u00d6sterreich:<\/strong> Chardonnay 2019<\/p>\n\n\n\n<h2 class=\"wp-block-heading\">2019<\/h2>\n\n\n<p><span style=\"color: rgb(0, 128, 128);\"><strong>Finalist N\u00d6<\/strong><\/span> <span style=\"color: rgb(255, 204, 153);\"><span style=\"color: rgb(0, 0, 0);\">Gr\u00fcner Veltliner 2018<\/span><\/span><\/p>\n<p><span style=\"color: rgb(255, 153, 0);\"><strong>Gold N\u00d6:<\/strong><\/span> Welschriesling 2018, Muskateller 2018, Chardonnay 2018, Roesler 2016, S\u00e4mling 88 2018<\/p>\n\n\n<h2 class=\"wp-block-heading\">2018<\/h2>\n\n\n<p><span style=\"color: #ff9900;\"><strong>Gold N\u00d6: <\/strong><\/span>Welschriesling 2017, Gr\u00fcner Veltliner 2017, Weinviertel DAC 2017, Chardonnay 2017, Muskateller 2017, Merlot 2015<\/p>\n\n\n<h2 class=\"wp-block-heading\">2017<\/h2>\n\n\n<p><strong><span style=\"color: rgb(0, 128, 128);\">Finalist N\u00d6:<\/span><\/strong> Chardonnay 2016<\/p>\n<p><span style=\"color: rgb(255, 153, 0);\"><strong>Gold N\u00d6:<\/strong><\/span> Gr\u00fcner Veltliner 2016, Muskateller 2016, Weinviertel DAC 2016, Welschriesling 2016, St. Laurent 2015<\/p>\n\n\n<h2 class=\"wp-block-heading\">2016<\/h2>\n\n\n<p><span style=\"color: rgb(255, 153, 0);\"><strong>Gold N\u00d6: <\/strong><\/span>Welschriesling 2015, Weinviertel DAC 2015, S\u00e4mling 88 2015, Chardonnay 2015, Wei\u00dfburgunder 2015, Muskateller 2015<\/p>\n\n\n<h2 class=\"wp-block-heading\">2015<\/h2>\n\n\n<p><strong><span style=\"color: rgb(255, 102, 0);\">Landessieger N\u00d6:<\/span> <\/strong>Welschriesling 2014<\/p>\n<\/p>\n\n\n<p class=\"has-accent-1-color has-sitebg-background-color has-text-color has-background has-regular-font-size\">Nat\u00fcrlich sind wir auch bei der<strong> &#8222;Poysdorfer Weinparade&#8220; <\/strong>j\u00e4hrlich&nbsp;vertreten und haben bei dieser Weinbewertung schon etliche Preise erzielt, \u00fcber die wir uns sehr freuen. Dar\u00fcber k\u00f6nnen wir Ihnen gerne pers\u00f6nlich Auskunft geben!<\/p>\n","protected":false},"excerpt":{"rendered":"<p>2025 Wir haben gewonnen: Gold N\u00d6: Weinviertel DAC 2024, Weinviertel DAC 2024 Riede Waidendorfer Kruttberge, Welschriesling 2024, Wei\u00dfburgunder 2024, Gelber Muskateller 2024, Merlot-Ros\u00e9 2024, St. Laurent 2023 Poysdorfer Weinparade Gro\u00dfes Gold: Muskateller Frizzante 2024 Merlot-Ros\u00e9 &hellip;<\/p>\n","protected":false},"author":1,"featured_media":0,"parent":0,"menu_order":0,"comment_status":"closed","ping_status":"closed","template":"","meta":{"_exactmetrics_skip_tracking":false,"_exactmetrics_sitenote_active":false,"_exactmetrics_sitenote_note":"","_exactmetrics_sitenote_category":0,"footnotes":""},"jetpack_sharing_enabled":true,"_links":{"self":[{"href":"https:\/\/www.weingut-epp.at\/index.php?rest_route=\/wp\/v2\/pages\/651"}],"collection":[{"href":"https:\/\/www.weingut-epp.at\/index.php?rest_route=\/wp\/v2\/pages"}],"about":[{"href":"https:\/\/www.weingut-epp.at\/index.php?rest_route=\/wp\/v2\/types\/page"}],"author":[{"embeddable":true,"href":"https:\/\/www.weingut-epp.at\/index.php?rest_route=\/wp\/v2\/users\/1"}],"replies":[{"embeddable":true,"href":"https:\/\/www.weingut-epp.at\/index.php?rest_route=%2Fwp%2Fv2%2Fcomments&post=651"}],"version-history":[{"count":79,"href":"https:\/\/www.weingut-epp.at\/index.php?rest_route=\/wp\/v2\/pages\/651\/revisions"}],"predecessor-version":[{"id":1722,"href":"https:\/\/www.weingut-epp.at\/index.php?rest_route=\/wp\/v2\/pages\/651\/revisions\/1722"}],"wp:attachment":[{"href":"https:\/\/www.weingut-epp.at\/index.php?rest_route=%2Fwp%2Fv2%2Fmedia&parent=651"}],"curies":[{"name":"wp","href":"https:\/\/api.w.org\/{rel}","templated":true}]}}