{"id":785,"date":"2020-08-28T14:10:40","date_gmt":"2020-08-28T12:10:40","guid":{"rendered":"http:\/\/www.weingut-epp.at\/?post_type=product&#038;p=785"},"modified":"2026-03-07T19:57:08","modified_gmt":"2026-03-07T18:57:08","slug":"chardonnay-2019","status":"publish","type":"product","link":"https:\/\/www.weingut-epp.at\/?product=chardonnay-2019","title":{"rendered":"Chardonnay 2025"},"content":{"rendered":"<p>im Duft eine betonte Aromatik nach Honigwaben, am Gaumen<\/p>\n<p>kr\u00e4ftig und breit, zarte Rests\u00fc\u00dfe, halbtrocken<\/p>\n","protected":false},"excerpt":{"rendered":"<p>im Duft eine lebhafte Aromatik, fein- reife Bananennote, kr\u00e4ftig und breit<\/p>\n<p>am Gaumen, mit einer zarten Rests\u00fc\u00dfe, trocken<\/p>\n","protected":false},"featured_media":1497,"comment_status":"closed","ping_status":"closed","template":"","meta":{"_exactmetrics_skip_tracking":false,"_exactmetrics_sitenote_active":false,"_exactmetrics_sitenote_note":"","_exactmetrics_sitenote_category":0},"product_cat":[48],"product_tag":[],"jetpack_sharing_enabled":true,"_links":{"self":[{"href":"https:\/\/www.weingut-epp.at\/index.php?rest_route=\/wp\/v2\/product\/785"}],"collection":[{"href":"https:\/\/www.weingut-epp.at\/index.php?rest_route=\/wp\/v2\/product"}],"about":[{"href":"https:\/\/www.weingut-epp.at\/index.php?rest_route=\/wp\/v2\/types\/product"}],"replies":[{"embeddable":true,"href":"https:\/\/www.weingut-epp.at\/index.php?rest_route=%2Fwp%2Fv2%2Fcomments&post=785"}],"wp:featuredmedia":[{"embeddable":true,"href":"https:\/\/www.weingut-epp.at\/index.php?rest_route=\/wp\/v2\/media\/1497"}],"wp:attachment":[{"href":"https:\/\/www.weingut-epp.at\/index.php?rest_route=%2Fwp%2Fv2%2Fmedia&parent=785"}],"wp:term":[{"taxonomy":"product_cat","embeddable":true,"href":"https:\/\/www.weingut-epp.at\/index.php?rest_route=%2Fwp%2Fv2%2Fproduct_cat&post=785"},{"taxonomy":"product_tag","embeddable":true,"href":"https:\/\/www.weingut-epp.at\/index.php?rest_route=%2Fwp%2Fv2%2Fproduct_tag&post=785"}],"curies":[{"name":"wp","href":"https:\/\/api.w.org\/{rel}","templated":true}]}}