{"id":980,"date":"2020-11-07T20:39:25","date_gmt":"2020-11-07T19:39:25","guid":{"rendered":"https:\/\/www.weingut-epp.at\/?post_type=product&#038;p=980"},"modified":"2026-04-02T06:17:32","modified_gmt":"2026-04-02T04:17:32","slug":"welschriesling-2019","status":"publish","type":"product","link":"https:\/\/www.weingut-epp.at\/?product=welschriesling-2019","title":{"rendered":"Welschriesling 2025"},"content":{"rendered":"<p>strahlendes Bukett nach Streuobstfr\u00fcchten, feine Limettennote,<\/p>\n<p>pikante S\u00e4urestruktur, vielf\u00e4ltig am Gaumen, trocken<\/p>\n","protected":false},"excerpt":{"rendered":"<p>strahlendes Bukett nach Streuobstfr\u00fcchten, feine Limettennote, pikante S\u00e4urestruktur, vielf\u00e4ltig am Gaumen, trocken<\/p>\n","protected":false},"featured_media":1074,"comment_status":"closed","ping_status":"closed","template":"","meta":{"_exactmetrics_skip_tracking":false,"_exactmetrics_sitenote_active":false,"_exactmetrics_sitenote_note":"","_exactmetrics_sitenote_category":0},"product_cat":[48],"product_tag":[],"jetpack_sharing_enabled":true,"_links":{"self":[{"href":"https:\/\/www.weingut-epp.at\/index.php?rest_route=\/wp\/v2\/product\/980"}],"collection":[{"href":"https:\/\/www.weingut-epp.at\/index.php?rest_route=\/wp\/v2\/product"}],"about":[{"href":"https:\/\/www.weingut-epp.at\/index.php?rest_route=\/wp\/v2\/types\/product"}],"replies":[{"embeddable":true,"href":"https:\/\/www.weingut-epp.at\/index.php?rest_route=%2Fwp%2Fv2%2Fcomments&post=980"}],"wp:featuredmedia":[{"embeddable":true,"href":"https:\/\/www.weingut-epp.at\/index.php?rest_route=\/wp\/v2\/media\/1074"}],"wp:attachment":[{"href":"https:\/\/www.weingut-epp.at\/index.php?rest_route=%2Fwp%2Fv2%2Fmedia&parent=980"}],"wp:term":[{"taxonomy":"product_cat","embeddable":true,"href":"https:\/\/www.weingut-epp.at\/index.php?rest_route=%2Fwp%2Fv2%2Fproduct_cat&post=980"},{"taxonomy":"product_tag","embeddable":true,"href":"https:\/\/www.weingut-epp.at\/index.php?rest_route=%2Fwp%2Fv2%2Fproduct_tag&post=980"}],"curies":[{"name":"wp","href":"https:\/\/api.w.org\/{rel}","templated":true}]}}